{"id":970,"date":"2022-04-13T10:22:14","date_gmt":"2022-04-13T08:22:14","guid":{"rendered":"https:\/\/www.bebservice.it\/?page_id=970"},"modified":"2023-02-06T14:12:01","modified_gmt":"2023-02-06T13:12:01","slug":"innovazione","status":"publish","type":"page","link":"https:\/\/www.bebservice.it\/index.php\/innovazione\/","title":{"rendered":"Innovazione"},"content":{"rendered":"\t\t<div data-elementor-type=\"wp-page\" data-elementor-id=\"970\" class=\"elementor elementor-970\">\n\t\t\t\t\t\t<section class=\"elementor-section elementor-top-section elementor-element elementor-element-0ed544c elementor-section-boxed elementor-section-height-default elementor-section-height-default\" data-id=\"0ed544c\" data-element_type=\"section\">\n\t\t\t\t\t\t<div class=\"elementor-container elementor-column-gap-default\">\n\t\t\t\t\t<div class=\"elementor-column elementor-col-100 elementor-top-column elementor-element elementor-element-104bf9b\" data-id=\"104bf9b\" data-element_type=\"column\">\n\t\t\t<div class=\"elementor-widget-wrap elementor-element-populated\">\n\t\t\t\t\t\t<div class=\"elementor-element elementor-element-24c9707 elementor-widget__width-inherit elementor-position-top elementor-widget elementor-widget-image-box\" data-id=\"24c9707\" data-element_type=\"widget\" data-widget_type=\"image-box.default\">\n\t\t\t\t<div class=\"elementor-widget-container\">\n\t\t\t\t\t<div class=\"elementor-image-box-wrapper\"><figure class=\"elementor-image-box-img\"><img fetchpriority=\"high\" decoding=\"async\" width=\"475\" height=\"548\" src=\"https:\/\/www.bebservice.it\/wp-content\/uploads\/2021\/12\/cactus.png\" class=\"attachment-large size-large wp-image-79\" alt=\"\" srcset=\"https:\/\/www.bebservice.it\/wp-content\/uploads\/2021\/12\/cactus.png 475w, https:\/\/www.bebservice.it\/wp-content\/uploads\/2021\/12\/cactus-260x300.png 260w\" sizes=\"(max-width: 475px) 100vw, 475px\" \/><\/figure><div class=\"elementor-image-box-content\"><h3 class=\"elementor-image-box-title\">innovazione e digitalizzazione<\/h3><\/div><\/div>\t\t\t\t<\/div>\n\t\t\t\t<\/div>\n\t\t\t\t\t<\/div>\n\t\t<\/div>\n\t\t\t\t\t<\/div>\n\t\t<\/section>\n\t\t\t\t<section class=\"elementor-section elementor-top-section elementor-element elementor-element-9b95548 elementor-section-boxed elementor-section-height-default elementor-section-height-default\" data-id=\"9b95548\" data-element_type=\"section\">\n\t\t\t\t\t\t<div class=\"elementor-container elementor-column-gap-default\">\n\t\t\t\t\t<div class=\"elementor-column elementor-col-100 elementor-top-column elementor-element elementor-element-ff680d2\" data-id=\"ff680d2\" data-element_type=\"column\">\n\t\t\t<div class=\"elementor-widget-wrap elementor-element-populated\">\n\t\t\t\t\t\t<div class=\"elementor-element elementor-element-c231974 elementor-widget elementor-widget-spacer\" data-id=\"c231974\" data-element_type=\"widget\" data-widget_type=\"spacer.default\">\n\t\t\t\t<div class=\"elementor-widget-container\">\n\t\t\t\t\t\t\t<div class=\"elementor-spacer\">\n\t\t\t<div class=\"elementor-spacer-inner\"><\/div>\n\t\t<\/div>\n\t\t\t\t\t\t<\/div>\n\t\t\t\t<\/div>\n\t\t\t\t\t<\/div>\n\t\t<\/div>\n\t\t\t\t\t<\/div>\n\t\t<\/section>\n\t\t\t\t<section class=\"elementor-section elementor-top-section elementor-element elementor-element-634e2ad3 elementor-section-boxed elementor-section-height-default elementor-section-height-default\" data-id=\"634e2ad3\" data-element_type=\"section\">\n\t\t\t\t\t\t<div class=\"elementor-container elementor-column-gap-default\">\n\t\t\t\t\t<div class=\"elementor-column elementor-col-100 elementor-top-column elementor-element elementor-element-7f94e44e\" data-id=\"7f94e44e\" data-element_type=\"column\">\n\t\t\t<div class=\"elementor-widget-wrap elementor-element-populated\">\n\t\t\t\t\t\t<div class=\"elementor-element elementor-element-24f64dc9 elementor-widget elementor-widget-text-editor\" data-id=\"24f64dc9\" data-element_type=\"widget\" data-widget_type=\"text-editor.default\">\n\t\t\t\t<div class=\"elementor-widget-container\">\n\t\t\t\t\t\t\t\t\t<p><\/p>\n<p><\/p>\n<p><\/p>\n<p>Sviluppo sostenibile significa anche, come evidenziato con gli obiettivi 8 e 9,<strong> innovazione e digitalizzazione<\/strong>.<\/p>\n<p><\/p>\n<p><\/p>\n<div class=\"wp-block-spacer\" style=\"height: 30px;\" aria-hidden=\"true\">\u00a0<\/div>\n<p><\/p>\n<p><\/p>\n<p><\/p>\n<p><\/p>\n<figure class=\"wp-block-table aligncenter\">\n<table>\n<tbody>\n<tr>\n<td class=\"has-text-align-left\" data-align=\"left\"><img decoding=\"async\" src=\"https:\/\/www.bebservice.it\/wp-content\/uploads\/2021\/12\/8-sdgs.jpg\" alt=\"Questa immagine ha l'attributo alt vuoto; il nome del file \u00e8 8-sdgs.jpg\" \/><\/td>\n<td>\u00a0<\/td>\n<td><img decoding=\"async\" src=\"https:\/\/www.bebservice.it\/wp-content\/uploads\/2021\/12\/9-sdgs.jpg\" alt=\"Questa immagine ha l'attributo alt vuoto; il nome del file \u00e8 9-sdgs.jpg\" \/><\/td>\n<\/tr>\n<\/tbody>\n<\/table>\n<figcaption><\/figcaption>\n<\/figure>\n<p><\/p>\n<p><\/p>\n<div class=\"wp-block-spacer\" style=\"height: 37px;\" aria-hidden=\"true\">\u00a0<\/div>\n<p><\/p>\n<p><\/p>\n<p>Basiamo la gestione della nostra impresa sulla ricerca di nuove tecnologie, su un attento coordinamento dei servizi e sulla puntuale formazione del personale.<\/p>\n<p><\/p>\n<p><\/p>\n<div class=\"wp-block-spacer\" style=\"height: 42px;\" aria-hidden=\"true\">\u00a0<\/div>\n<p><\/p>\n<p><\/p>\n<p>La progettazione, l\u2019esecuzione e il controllo delle attivit\u00e0 vengono integrati attraverso un\u2019informatizzazione personalizzata dei processi, sia per ci\u00f2 che concerne i progetti per la committenza, sia per i processi di gestione interna, sia per le nuove strumentazioni 4.0.<\/p>\n<p>\u00a0<\/p>\n<p><\/p>\n<p><\/p>\n<p><\/p>\n<p><\/p>\n<p><\/p>\n<p><\/p>\n<p><\/p>\n<p><\/p>\n<blockquote class=\"wp-block-quote is-layout-flow wp-block-quote-is-layout-flow\">\n<p>Innovazione e digitalizzazione ci permettono di affrontare le istanze del mercato con rapidit\u00e0, mettendo a fattor comune agilit\u00e0 organizzativa e velocit\u00e0 di intervento, generando valore.<\/p>\n<\/blockquote>\n<p><\/p>\t\t\t\t\t\t\t\t<\/div>\n\t\t\t\t<\/div>\n\t\t\t\t\t<\/div>\n\t\t<\/div>\n\t\t\t\t\t<\/div>\n\t\t<\/section>\n\t\t\t\t<\/div>\n\t\t","protected":false},"excerpt":{"rendered":"<p>innovazione e digitalizzazione Sviluppo sostenibile significa anche, come evidenziato con gli obiettivi 8 e 9, innovazione e digitalizzazione. \u00a0 Basiamo la gestione della nostra impresa&hellip;<\/p>\n","protected":false},"author":1,"featured_media":0,"parent":0,"menu_order":0,"comment_status":"closed","ping_status":"closed","template":"","meta":{"footnotes":""},"class_list":["post-970","page","type-page","status-publish","hentry"],"yoast_head":"<!-- This site is optimized with the Yoast SEO plugin v24.1 - https:\/\/yoast.com\/wordpress\/plugins\/seo\/ -->\n<title>Innovazione - B&amp;B Service<\/title>\n<meta name=\"description\" content=\"Innovazione - B&amp;B Service\" \/>\n<meta name=\"robots\" content=\"index, follow, max-snippet:-1, max-image-preview:large, max-video-preview:-1\" \/>\n<link rel=\"canonical\" href=\"https:\/\/www.bebservice.it\/index.php\/innovazione\/\" \/>\n<meta property=\"og:locale\" content=\"it_IT\" \/>\n<meta property=\"og:type\" content=\"article\" \/>\n<meta property=\"og:title\" content=\"Innovazione - B&amp;B Service\" \/>\n<meta property=\"og:description\" content=\"Innovazione - B&amp;B Service\" \/>\n<meta property=\"og:url\" content=\"https:\/\/www.bebservice.it\/index.php\/innovazione\/\" \/>\n<meta property=\"og:site_name\" content=\"B&amp;B Service\" \/>\n<meta property=\"article:modified_time\" content=\"2023-02-06T13:12:01+00:00\" \/>\n<meta property=\"og:image\" content=\"https:\/\/www.bebservice.it\/wp-content\/uploads\/2021\/12\/cactus.png\" \/>\n<meta name=\"twitter:card\" content=\"summary_large_image\" \/>\n<meta name=\"twitter:label1\" content=\"Tempo di lettura stimato\" \/>\n\t<meta name=\"twitter:data1\" content=\"2 minuti\" \/>\n<script type=\"application\/ld+json\" class=\"yoast-schema-graph\">{\"@context\":\"https:\/\/schema.org\",\"@graph\":[{\"@type\":\"WebPage\",\"@id\":\"https:\/\/www.bebservice.it\/index.php\/innovazione\/\",\"url\":\"https:\/\/www.bebservice.it\/index.php\/innovazione\/\",\"name\":\"Innovazione - B&amp;B Service\",\"isPartOf\":{\"@id\":\"https:\/\/www.bebservice.it\/#website\"},\"primaryImageOfPage\":{\"@id\":\"https:\/\/www.bebservice.it\/index.php\/innovazione\/#primaryimage\"},\"image\":{\"@id\":\"https:\/\/www.bebservice.it\/index.php\/innovazione\/#primaryimage\"},\"thumbnailUrl\":\"https:\/\/www.bebservice.it\/wp-content\/uploads\/2021\/12\/cactus.png\",\"datePublished\":\"2022-04-13T08:22:14+00:00\",\"dateModified\":\"2023-02-06T13:12:01+00:00\",\"description\":\"Innovazione - B&amp;B Service\",\"breadcrumb\":{\"@id\":\"https:\/\/www.bebservice.it\/index.php\/innovazione\/#breadcrumb\"},\"inLanguage\":\"it-IT\",\"potentialAction\":[{\"@type\":\"ReadAction\",\"target\":[\"https:\/\/www.bebservice.it\/index.php\/innovazione\/\"]}]},{\"@type\":\"ImageObject\",\"inLanguage\":\"it-IT\",\"@id\":\"https:\/\/www.bebservice.it\/index.php\/innovazione\/#primaryimage\",\"url\":\"https:\/\/www.bebservice.it\/wp-content\/uploads\/2021\/12\/cactus.png\",\"contentUrl\":\"https:\/\/www.bebservice.it\/wp-content\/uploads\/2021\/12\/cactus.png\",\"width\":475,\"height\":548},{\"@type\":\"BreadcrumbList\",\"@id\":\"https:\/\/www.bebservice.it\/index.php\/innovazione\/#breadcrumb\",\"itemListElement\":[{\"@type\":\"ListItem\",\"position\":1,\"name\":\"Home\",\"item\":\"https:\/\/www.bebservice.it\/\"},{\"@type\":\"ListItem\",\"position\":2,\"name\":\"Innovazione\"}]},{\"@type\":\"WebSite\",\"@id\":\"https:\/\/www.bebservice.it\/#website\",\"url\":\"https:\/\/www.bebservice.it\/\",\"name\":\"B&amp;B Service\",\"description\":\"Servizi di Facility Management\",\"publisher\":{\"@id\":\"https:\/\/www.bebservice.it\/#organization\"},\"potentialAction\":[{\"@type\":\"SearchAction\",\"target\":{\"@type\":\"EntryPoint\",\"urlTemplate\":\"https:\/\/www.bebservice.it\/?s={search_term_string}\"},\"query-input\":{\"@type\":\"PropertyValueSpecification\",\"valueRequired\":true,\"valueName\":\"search_term_string\"}}],\"inLanguage\":\"it-IT\"},{\"@type\":\"Organization\",\"@id\":\"https:\/\/www.bebservice.it\/#organization\",\"name\":\"B&B Service\",\"url\":\"https:\/\/www.bebservice.it\/\",\"logo\":{\"@type\":\"ImageObject\",\"inLanguage\":\"it-IT\",\"@id\":\"https:\/\/www.bebservice.it\/#\/schema\/logo\/image\/\",\"url\":\"https:\/\/www.bebservice.it\/wp-content\/uploads\/2021\/12\/cropped-logo-ridotto-sfumatureJPG-1.jpg\",\"contentUrl\":\"https:\/\/www.bebservice.it\/wp-content\/uploads\/2021\/12\/cropped-logo-ridotto-sfumatureJPG-1.jpg\",\"width\":364,\"height\":205,\"caption\":\"B&B Service\"},\"image\":{\"@id\":\"https:\/\/www.bebservice.it\/#\/schema\/logo\/image\/\"},\"sameAs\":[\"https:\/\/www.linkedin.com\/company\/beb-service\/\"]}]}<\/script>\n<!-- \/ Yoast SEO plugin. -->","yoast_head_json":{"title":"Innovazione - B&amp;B Service","description":"Innovazione - B&amp;B Service","robots":{"index":"index","follow":"follow","max-snippet":"max-snippet:-1","max-image-preview":"max-image-preview:large","max-video-preview":"max-video-preview:-1"},"canonical":"https:\/\/www.bebservice.it\/index.php\/innovazione\/","og_locale":"it_IT","og_type":"article","og_title":"Innovazione - B&amp;B Service","og_description":"Innovazione - B&amp;B Service","og_url":"https:\/\/www.bebservice.it\/index.php\/innovazione\/","og_site_name":"B&amp;B Service","article_modified_time":"2023-02-06T13:12:01+00:00","og_image":[{"url":"https:\/\/www.bebservice.it\/wp-content\/uploads\/2021\/12\/cactus.png","type":"","width":"","height":""}],"twitter_card":"summary_large_image","twitter_misc":{"Tempo di lettura stimato":"2 minuti"},"schema":{"@context":"https:\/\/schema.org","@graph":[{"@type":"WebPage","@id":"https:\/\/www.bebservice.it\/index.php\/innovazione\/","url":"https:\/\/www.bebservice.it\/index.php\/innovazione\/","name":"Innovazione - B&amp;B Service","isPartOf":{"@id":"https:\/\/www.bebservice.it\/#website"},"primaryImageOfPage":{"@id":"https:\/\/www.bebservice.it\/index.php\/innovazione\/#primaryimage"},"image":{"@id":"https:\/\/www.bebservice.it\/index.php\/innovazione\/#primaryimage"},"thumbnailUrl":"https:\/\/www.bebservice.it\/wp-content\/uploads\/2021\/12\/cactus.png","datePublished":"2022-04-13T08:22:14+00:00","dateModified":"2023-02-06T13:12:01+00:00","description":"Innovazione - B&amp;B Service","breadcrumb":{"@id":"https:\/\/www.bebservice.it\/index.php\/innovazione\/#breadcrumb"},"inLanguage":"it-IT","potentialAction":[{"@type":"ReadAction","target":["https:\/\/www.bebservice.it\/index.php\/innovazione\/"]}]},{"@type":"ImageObject","inLanguage":"it-IT","@id":"https:\/\/www.bebservice.it\/index.php\/innovazione\/#primaryimage","url":"https:\/\/www.bebservice.it\/wp-content\/uploads\/2021\/12\/cactus.png","contentUrl":"https:\/\/www.bebservice.it\/wp-content\/uploads\/2021\/12\/cactus.png","width":475,"height":548},{"@type":"BreadcrumbList","@id":"https:\/\/www.bebservice.it\/index.php\/innovazione\/#breadcrumb","itemListElement":[{"@type":"ListItem","position":1,"name":"Home","item":"https:\/\/www.bebservice.it\/"},{"@type":"ListItem","position":2,"name":"Innovazione"}]},{"@type":"WebSite","@id":"https:\/\/www.bebservice.it\/#website","url":"https:\/\/www.bebservice.it\/","name":"B&amp;B Service","description":"Servizi di Facility Management","publisher":{"@id":"https:\/\/www.bebservice.it\/#organization"},"potentialAction":[{"@type":"SearchAction","target":{"@type":"EntryPoint","urlTemplate":"https:\/\/www.bebservice.it\/?s={search_term_string}"},"query-input":{"@type":"PropertyValueSpecification","valueRequired":true,"valueName":"search_term_string"}}],"inLanguage":"it-IT"},{"@type":"Organization","@id":"https:\/\/www.bebservice.it\/#organization","name":"B&B Service","url":"https:\/\/www.bebservice.it\/","logo":{"@type":"ImageObject","inLanguage":"it-IT","@id":"https:\/\/www.bebservice.it\/#\/schema\/logo\/image\/","url":"https:\/\/www.bebservice.it\/wp-content\/uploads\/2021\/12\/cropped-logo-ridotto-sfumatureJPG-1.jpg","contentUrl":"https:\/\/www.bebservice.it\/wp-content\/uploads\/2021\/12\/cropped-logo-ridotto-sfumatureJPG-1.jpg","width":364,"height":205,"caption":"B&B Service"},"image":{"@id":"https:\/\/www.bebservice.it\/#\/schema\/logo\/image\/"},"sameAs":["https:\/\/www.linkedin.com\/company\/beb-service\/"]}]}},"_links":{"self":[{"href":"https:\/\/www.bebservice.it\/index.php\/wp-json\/wp\/v2\/pages\/970","targetHints":{"allow":["GET"]}}],"collection":[{"href":"https:\/\/www.bebservice.it\/index.php\/wp-json\/wp\/v2\/pages"}],"about":[{"href":"https:\/\/www.bebservice.it\/index.php\/wp-json\/wp\/v2\/types\/page"}],"author":[{"embeddable":true,"href":"https:\/\/www.bebservice.it\/index.php\/wp-json\/wp\/v2\/users\/1"}],"replies":[{"embeddable":true,"href":"https:\/\/www.bebservice.it\/index.php\/wp-json\/wp\/v2\/comments?post=970"}],"version-history":[{"count":29,"href":"https:\/\/www.bebservice.it\/index.php\/wp-json\/wp\/v2\/pages\/970\/revisions"}],"predecessor-version":[{"id":1976,"href":"https:\/\/www.bebservice.it\/index.php\/wp-json\/wp\/v2\/pages\/970\/revisions\/1976"}],"wp:attachment":[{"href":"https:\/\/www.bebservice.it\/index.php\/wp-json\/wp\/v2\/media?parent=970"}],"curies":[{"name":"wp","href":"https:\/\/api.w.org\/{rel}","templated":true}]}}